{"id":3530,"date":"2023-07-31T09:14:30","date_gmt":"2023-07-31T09:14:30","guid":{"rendered":"https:\/\/archives-journal.com\/?post_type=product&#038;p=3530"},"modified":"2025-03-05T11:05:50","modified_gmt":"2025-03-05T11:05:50","slug":"archives-10","status":"publish","type":"product","link":"https:\/\/archives-journal.com\/?product=archives-10","title":{"rendered":"Archives 10"},"content":{"rendered":"<h1>Mauricio Rocha<\/h1>\n<div dir=\"ltr\">\n<div class=\"gmail_default\">Arts. Oaxaca, M\u00e9xico. 2009<br \/>\nSound Pavilion. San Luis Potos\u00ed, M\u00e9xico. 2009<br \/>\nSan Pablo Academic and Cultural Centre. Oaxaca, M\u00e9xico. 2012<br \/>\nAnahuacalli Museum. Coyoac\u00e1n, Mexico City, 2021<br \/>\nIturbide Studio. Coyoac\u00e1n, Mexico City. 2017<br \/>\nLos Chocolates. La Carolina, Cuernavaca, Model, M\u00e9xico. 2018<br \/>\nFe Mar\u00eda House. Oaxaca, M\u00e9xico. 2019<br \/>\nCometa House. Mazunte, Oaxaca, M\u00e9xico. 2019<br \/>\nFour Seasons. Jalisco, M\u00e9xico. 2022<br \/>\nSan Pedro Factory. Uruap\u00e1n, Michoac\u00e1n, M\u00e9xico. 2023<br \/>\nCuatro Cuatros. Ensenada, Northern Baja California, M\u00e9xico. 2023<\/div>\n<\/div>\n","protected":false},"excerpt":{"rendered":"<div class=\"fl-module fl-module-rich-text fl-node-5b057430a7fb7 fl-animation fl-fade-up fl-animated\" data-node=\"5b057430a7fb7\" data-animation-delay=\"0.2\" data-animation-duration=\"1\">\n<div class=\"fl-module-content fl-node-content\">\n<div class=\"fl-rich-text\">\n<p><b>Features:<\/b><br \/>\n396 pages<br \/>\nFormat 17&#215;24 cm<br \/>\n4000 copy edition<br \/>\nEnglish\/Espa\u00f1ol<br \/>\n<em>design by desescribir<\/em><br \/>\nArchives 10 launch special gift:<br \/>\nEach copy of Archives 10 contains a numbered Juan Rodriguez original photograph reinterpreted by Mauricio Rocha<\/p>\n<\/div>\n<\/div>\n<\/div>\n","protected":false},"featured_media":4027,"comment_status":"closed","ping_status":"closed","template":"","meta":[],"product_brand":[],"product_cat":[32,47],"product_tag":[],"class_list":{"0":"post-3530","1":"product","2":"type-product","3":"status-publish","4":"has-post-thumbnail","6":"product_cat-archives-journal","7":"product_cat-shop","9":"first","10":"instock","11":"taxable","12":"shipping-taxable","13":"purchasable","14":"product-type-simple"},"jetpack_sharing_enabled":true,"_links":{"self":[{"href":"https:\/\/archives-journal.com\/index.php?rest_route=\/wp\/v2\/product\/3530","targetHints":{"allow":["GET"]}}],"collection":[{"href":"https:\/\/archives-journal.com\/index.php?rest_route=\/wp\/v2\/product"}],"about":[{"href":"https:\/\/archives-journal.com\/index.php?rest_route=\/wp\/v2\/types\/product"}],"replies":[{"embeddable":true,"href":"https:\/\/archives-journal.com\/index.php?rest_route=%2Fwp%2Fv2%2Fcomments&post=3530"}],"version-history":[{"count":9,"href":"https:\/\/archives-journal.com\/index.php?rest_route=\/wp\/v2\/product\/3530\/revisions"}],"predecessor-version":[{"id":4131,"href":"https:\/\/archives-journal.com\/index.php?rest_route=\/wp\/v2\/product\/3530\/revisions\/4131"}],"wp:featuredmedia":[{"embeddable":true,"href":"https:\/\/archives-journal.com\/index.php?rest_route=\/wp\/v2\/media\/4027"}],"wp:attachment":[{"href":"https:\/\/archives-journal.com\/index.php?rest_route=%2Fwp%2Fv2%2Fmedia&parent=3530"}],"wp:term":[{"taxonomy":"product_brand","embeddable":true,"href":"https:\/\/archives-journal.com\/index.php?rest_route=%2Fwp%2Fv2%2Fproduct_brand&post=3530"},{"taxonomy":"product_cat","embeddable":true,"href":"https:\/\/archives-journal.com\/index.php?rest_route=%2Fwp%2Fv2%2Fproduct_cat&post=3530"},{"taxonomy":"product_tag","embeddable":true,"href":"https:\/\/archives-journal.com\/index.php?rest_route=%2Fwp%2Fv2%2Fproduct_tag&post=3530"}],"curies":[{"name":"wp","href":"https:\/\/api.w.org\/{rel}","templated":true}]}}