{"id":397,"date":"2023-03-20T10:30:23","date_gmt":"2023-03-20T10:30:23","guid":{"rendered":"https:\/\/archives-journal.com\/?post_type=product&#038;p=397"},"modified":"2023-09-14T06:24:29","modified_gmt":"2023-09-14T06:24:29","slug":"archives-9","status":"publish","type":"product","link":"https:\/\/archives-journal.com\/?product=archives-9","title":{"rendered":"Archives 9"},"content":{"rendered":"<h1>Mac\u00edas Peredo<\/h1>\n<p>Guzm\u00e1n Jim\u00e9nez house. Jalisco, M\u00e9xico 2020<br \/>\nTur\u00edn building. M\u00e9xico 2021<br \/>\nOak house. Jalisco, M\u00e9xico 2021<br \/>\nTejada house. Jalisco, M\u00e9xico 2021<br \/>\nAmericana house. Jalisco, M\u00e9xico 2021<br \/>\nAvancer tower. San Luis Potos\u00ed, M\u00e9xico 2018<br \/>\nCandela Vilas. Quintana Roo, M\u00e9xico 2022<br \/>\nPunta Caliza Hotel Holbox. Quintana Roo, M\u00e9xico 2017<br \/>\nUnder Construction: Barranca House\/Primaveras house.<\/p>\n","protected":false},"excerpt":{"rendered":"<div class=\"fl-module fl-module-rich-text fl-node-5b057430a7fb7 fl-animation fl-fade-up fl-animated\" data-node=\"5b057430a7fb7\" data-animation-delay=\"0.2\" data-animation-duration=\"1\">\n<div class=\"fl-module-content fl-node-content\">\n<div class=\"fl-rich-text\">Features: over 300 pages. Format 17&#215;24 cm. 4.000 copy edition<\/div>\n<div class=\"fl-rich-text\">Archives 9 launch special gift: each copy of Archives 9 contains a numbered original photograph reinterpreted by the architects.<\/div>\n<\/div>\n<\/div>\n","protected":false},"featured_media":4138,"comment_status":"closed","ping_status":"closed","template":"","meta":[],"product_brand":[],"product_cat":[32,47],"product_tag":[],"class_list":{"0":"post-397","1":"product","2":"type-product","3":"status-publish","4":"has-post-thumbnail","6":"product_cat-archives-journal","7":"product_cat-shop","9":"first","10":"instock","11":"taxable","12":"shipping-taxable","13":"purchasable","14":"product-type-simple"},"jetpack_sharing_enabled":true,"_links":{"self":[{"href":"https:\/\/archives-journal.com\/index.php?rest_route=\/wp\/v2\/product\/397","targetHints":{"allow":["GET"]}}],"collection":[{"href":"https:\/\/archives-journal.com\/index.php?rest_route=\/wp\/v2\/product"}],"about":[{"href":"https:\/\/archives-journal.com\/index.php?rest_route=\/wp\/v2\/types\/product"}],"replies":[{"embeddable":true,"href":"https:\/\/archives-journal.com\/index.php?rest_route=%2Fwp%2Fv2%2Fcomments&post=397"}],"version-history":[{"count":15,"href":"https:\/\/archives-journal.com\/index.php?rest_route=\/wp\/v2\/product\/397\/revisions"}],"predecessor-version":[{"id":2221,"href":"https:\/\/archives-journal.com\/index.php?rest_route=\/wp\/v2\/product\/397\/revisions\/2221"}],"wp:featuredmedia":[{"embeddable":true,"href":"https:\/\/archives-journal.com\/index.php?rest_route=\/wp\/v2\/media\/4138"}],"wp:attachment":[{"href":"https:\/\/archives-journal.com\/index.php?rest_route=%2Fwp%2Fv2%2Fmedia&parent=397"}],"wp:term":[{"taxonomy":"product_brand","embeddable":true,"href":"https:\/\/archives-journal.com\/index.php?rest_route=%2Fwp%2Fv2%2Fproduct_brand&post=397"},{"taxonomy":"product_cat","embeddable":true,"href":"https:\/\/archives-journal.com\/index.php?rest_route=%2Fwp%2Fv2%2Fproduct_cat&post=397"},{"taxonomy":"product_tag","embeddable":true,"href":"https:\/\/archives-journal.com\/index.php?rest_route=%2Fwp%2Fv2%2Fproduct_tag&post=397"}],"curies":[{"name":"wp","href":"https:\/\/api.w.org\/{rel}","templated":true}]}}